{"id":302,"date":"2021-10-17T17:51:16","date_gmt":"2021-10-17T15:51:16","guid":{"rendered":"https:\/\/cyberespacehome.com\/?post_type=product&#038;p=302"},"modified":"2021-10-17T17:52:13","modified_gmt":"2021-10-17T15:52:13","slug":"assurance-cyber-pour-particuliers","status":"publish","type":"product","link":"https:\/\/cyberespacehome.com\/index.php\/produit\/assurance-cyber-pour-particuliers\/","title":{"rendered":"Assurance Cyber pour particuliers"},"content":{"rendered":"<div style=\"width: 980px;\" class=\"wp-video\"><!--[if lt IE 9]><script>document.createElement('video');<\/script><![endif]-->\n<video class=\"wp-video-shortcode\" id=\"video-302-1\" width=\"980\" height=\"551\" preload=\"metadata\" controls=\"controls\"><source type=\"video\/mp4\" src=\"http:\/\/cyberespacehome.com\/wp-content\/uploads\/2021\/10\/tutoriel-daxa-assurance-cyber-plus-axa.mp4?_=1\" \/><a href=\"http:\/\/cyberespacehome.com\/wp-content\/uploads\/2021\/10\/tutoriel-daxa-assurance-cyber-plus-axa.mp4\">http:\/\/cyberespacehome.com\/wp-content\/uploads\/2021\/10\/tutoriel-daxa-assurance-cyber-plus-axa.mp4<\/a><\/video><\/div>\n<p>Qu\u2019il s\u2019agisse d\u2019achats en ligne, de posts sur les r\u00e9seaux sociaux ou de banque en ligne, \u00e0 quel point votre s\u00e9curit\u00e9 num\u00e9rique est-elle garantie? Les diff\u00e9rents modules de notre assurance Cyber Plus vous prot\u00e8gent de fa\u00e7on compl\u00e8te, vous et vos enfants, contre les nombreux risques li\u00e9s \u00e0 l\u2019utilisation d\u2019Internet ainsi que contre les pr\u00e9judices financiers qui en d\u00e9coulent.<\/p>\n<p><strong>Les avantages des services de cyberpr\u00e9vention:<\/strong><br \/>\nSurveillance de votre carte de cr\u00e9dit et de comptes de messagerie \u00e9lectronique pirat\u00e9s<br \/>\nMise en garde contre les e-mails de phishing<br \/>\nIdentification de boutiques en ligne douteuses<br \/>\nD\u00e9tection de messages n\u00e9gatifs ou de commentaires haineux sur votre personne<br \/>\nPremi\u00e8re intervention en votre nom en cas de probl\u00e8mes dans le domaine de la cybercriminalit\u00e9<\/p>\n<p>R\u00e9cup\u00e9ration de donn\u00e9es, suppression de virus et assistance informatique: nous vous offrons un soutien professionnel pour la r\u00e9cup\u00e9ration de vos donn\u00e9es, l\u2019\u00e9limination de virus et en cas de d\u00e9fauts techniques, ainsi que d\u2019autres prestations d\u2019assistance informatique en lien avec des appareils \u00e9lectroniques comme les ordinateurs fixes ou portables.<\/p>\n<div class=\"wpforms-container wpforms-container-full\" id=\"wpforms-192\"><form id=\"wpforms-form-192\" class=\"wpforms-validate wpforms-form wpforms-ajax-form\" data-formid=\"192\" method=\"post\" enctype=\"multipart\/form-data\" action=\"\/index.php\/wp-json\/wp\/v2\/product\/302\" data-token=\"712273faa5ffc9561f056ea2f5f152b6\"><noscript class=\"wpforms-error-noscript\">Please enable JavaScript in your browser to complete this form.<\/noscript><div class=\"wpforms-field-container\"><div id=\"wpforms-192-field_5-container\" class=\"wpforms-field wpforms-field-radio\" data-field-id=\"5\"><label class=\"wpforms-field-label\" for=\"wpforms-192-field_5\">VOUS \u00caTES ? <span class=\"wpforms-required-label\">*<\/span><\/label><ul id=\"wpforms-192-field_5\" class=\"wpforms-field-required\"><li class=\"choice-1 depth-1\"><input type=\"radio\" id=\"wpforms-192-field_5_1\" name=\"wpforms[fields][5]\" value=\"Un particulier\" required ><label class=\"wpforms-field-label-inline\" for=\"wpforms-192-field_5_1\">Un particulier<\/label><\/li><li class=\"choice-2 depth-1\"><input type=\"radio\" id=\"wpforms-192-field_5_2\" name=\"wpforms[fields][5]\" value=\"Une emtreprise\" required ><label class=\"wpforms-field-label-inline\" for=\"wpforms-192-field_5_2\">Une emtreprise<\/label><\/li><\/ul><\/div><div id=\"wpforms-192-field_6-container\" class=\"wpforms-field wpforms-field-text\" data-field-id=\"6\"><label class=\"wpforms-field-label\" for=\"wpforms-192-field_6\">Votre Entreprise<\/label><input type=\"text\" id=\"wpforms-192-field_6\" class=\"wpforms-field-medium\" name=\"wpforms[fields][6]\" ><\/div><div id=\"wpforms-192-field_0-container\" class=\"wpforms-field wpforms-field-name\" data-field-id=\"0\"><label class=\"wpforms-field-label\" for=\"wpforms-192-field_0\">Name <span class=\"wpforms-required-label\">*<\/span><\/label><div class=\"wpforms-field-row wpforms-field-medium\"><div class=\"wpforms-field-row-block wpforms-first wpforms-one-half\"><input type=\"text\" id=\"wpforms-192-field_0\" class=\"wpforms-field-name-first wpforms-field-required\" name=\"wpforms[fields][0][first]\" required><label for=\"wpforms-192-field_0\" class=\"wpforms-field-sublabel after \">First<\/label><\/div><div class=\"wpforms-field-row-block wpforms-one-half\"><input type=\"text\" id=\"wpforms-192-field_0-last\" class=\"wpforms-field-name-last wpforms-field-required\" name=\"wpforms[fields][0][last]\" required><label for=\"wpforms-192-field_0-last\" class=\"wpforms-field-sublabel after \">Last<\/label><\/div><\/div><\/div><div id=\"wpforms-192-field_1-container\" class=\"wpforms-field wpforms-field-email\" data-field-id=\"1\"><label class=\"wpforms-field-label\" for=\"wpforms-192-field_1\">Email <span class=\"wpforms-required-label\">*<\/span><\/label><input type=\"email\" id=\"wpforms-192-field_1\" class=\"wpforms-field-medium wpforms-field-required\" name=\"wpforms[fields][1]\" required><\/div><div id=\"wpforms-192-field_7-container\" class=\"wpforms-field wpforms-field-number\" data-field-id=\"7\"><label class=\"wpforms-field-label\" for=\"wpforms-192-field_7\">T\u00e9l\u00e9phone<\/label><input type=\"number\" pattern=\"\\d*\" id=\"wpforms-192-field_7\" class=\"wpforms-field-small\" name=\"wpforms[fields][7]\" ><\/div><div id=\"wpforms-192-field_3-container\" class=\"wpforms-field wpforms-field-select wpforms-field-select-style-modern\" data-field-id=\"3\"><label class=\"wpforms-field-label\" for=\"wpforms-192-field_3\">Dans quel pays vous r\u00e9sidez ? <span class=\"wpforms-required-label\">*<\/span><\/label><select id=\"wpforms-192-field_3\" class=\"wpforms-field-large wpforms-field-required choicesjs-select\" data-size-class=\"wpforms-field-row wpforms-field-large\" data-search-enabled=\"1\" name=\"wpforms[fields][3]\" required=\"required\"><option value=\"\" class=\"placeholder\" disabled  selected='selected'>- Please select -<\/option><option value=\"United States of America\" >United States of America<\/option><option value=\"United Kingdom of Great Britain and Northern Ireland\" >United Kingdom of Great Britain and Northern Ireland<\/option><option value=\"Afghanistan\" >Afghanistan<\/option><option value=\"Albania\" >Albania<\/option><option value=\"Algeria\" >Algeria<\/option><option value=\"American Samoa\" >American Samoa<\/option><option value=\"Andorra\" >Andorra<\/option><option value=\"Angola\" >Angola<\/option><option value=\"Anguilla\" >Anguilla<\/option><option value=\"Antarctica\" >Antarctica<\/option><option value=\"Antigua and Barbuda\" >Antigua and Barbuda<\/option><option value=\"Argentina\" >Argentina<\/option><option value=\"Armenia\" >Armenia<\/option><option value=\"Aruba\" >Aruba<\/option><option value=\"Australia\" >Australia<\/option><option value=\"Austria\" >Austria<\/option><option value=\"Azerbaijan\" >Azerbaijan<\/option><option value=\"Bahamas\" >Bahamas<\/option><option value=\"Bahrain\" >Bahrain<\/option><option value=\"Bangladesh\" >Bangladesh<\/option><option value=\"Barbados\" >Barbados<\/option><option value=\"Belarus\" >Belarus<\/option><option value=\"Belgium\" >Belgium<\/option><option value=\"Belize\" >Belize<\/option><option value=\"Benin\" >Benin<\/option><option value=\"Bermuda\" >Bermuda<\/option><option value=\"Bhutan\" >Bhutan<\/option><option value=\"Bolivia (Plurinational State of)\" >Bolivia (Plurinational State of)<\/option><option value=\"Bonaire, Saint Eustatius and Saba\" >Bonaire, Saint Eustatius and Saba<\/option><option value=\"Bosnia and Herzegovina\" >Bosnia and Herzegovina<\/option><option value=\"Botswana\" >Botswana<\/option><option value=\"Bouvet Island\" >Bouvet Island<\/option><option value=\"Brazil\" >Brazil<\/option><option value=\"British Indian Ocean Territory\" >British Indian Ocean Territory<\/option><option value=\"Brunei Darussalam\" >Brunei Darussalam<\/option><option value=\"Bulgaria\" >Bulgaria<\/option><option value=\"Burkina Faso\" >Burkina Faso<\/option><option value=\"Burundi\" >Burundi<\/option><option value=\"Cabo Verde\" >Cabo Verde<\/option><option value=\"Cambodia\" >Cambodia<\/option><option value=\"Cameroon\" >Cameroon<\/option><option value=\"Canada\" >Canada<\/option><option value=\"Cayman Islands\" >Cayman Islands<\/option><option value=\"Central African Republic\" >Central African Republic<\/option><option value=\"Chad\" >Chad<\/option><option value=\"Chile\" >Chile<\/option><option value=\"China\" >China<\/option><option value=\"Christmas Island\" >Christmas Island<\/option><option value=\"Cocos (Keeling) Islands\" >Cocos (Keeling) Islands<\/option><option value=\"Colombia\" >Colombia<\/option><option value=\"Comoros\" >Comoros<\/option><option value=\"Congo\" >Congo<\/option><option value=\"Congo (Democratic Republic of the)\" >Congo (Democratic Republic of the)<\/option><option value=\"Cook Islands\" >Cook Islands<\/option><option value=\"Costa Rica\" >Costa Rica<\/option><option value=\"Croatia\" >Croatia<\/option><option value=\"Cuba\" >Cuba<\/option><option value=\"Cura\u00e7ao\" >Cura\u00e7ao<\/option><option value=\"Cyprus\" >Cyprus<\/option><option value=\"Czech Republic\" >Czech Republic<\/option><option value=\"C\u00f4te d&#039;Ivoire\" >C\u00f4te d&#039;Ivoire<\/option><option value=\"Denmark\" >Denmark<\/option><option value=\"Djibouti\" >Djibouti<\/option><option value=\"Dominica\" >Dominica<\/option><option value=\"Dominican Republic\" >Dominican Republic<\/option><option value=\"Ecuador\" >Ecuador<\/option><option value=\"Egypt\" >Egypt<\/option><option value=\"El Salvador\" >El Salvador<\/option><option value=\"Equatorial Guinea\" >Equatorial Guinea<\/option><option value=\"Eritrea\" >Eritrea<\/option><option value=\"Estonia\" >Estonia<\/option><option value=\"Eswatini (Kingdom of)\" >Eswatini (Kingdom of)<\/option><option value=\"Ethiopia\" >Ethiopia<\/option><option value=\"Falkland Islands (Malvinas)\" >Falkland Islands (Malvinas)<\/option><option value=\"Faroe Islands\" >Faroe Islands<\/option><option value=\"Fiji\" >Fiji<\/option><option value=\"Finland\" >Finland<\/option><option value=\"France\" >France<\/option><option value=\"French Guiana\" >French Guiana<\/option><option value=\"French Polynesia\" >French Polynesia<\/option><option value=\"French Southern Territories\" >French Southern Territories<\/option><option value=\"Gabon\" >Gabon<\/option><option value=\"Gambia\" >Gambia<\/option><option value=\"Georgia\" >Georgia<\/option><option value=\"Germany\" >Germany<\/option><option value=\"Ghana\" >Ghana<\/option><option value=\"Gibraltar\" >Gibraltar<\/option><option value=\"Greece\" >Greece<\/option><option value=\"Greenland\" >Greenland<\/option><option value=\"Grenada\" >Grenada<\/option><option value=\"Guadeloupe\" >Guadeloupe<\/option><option value=\"Guam\" >Guam<\/option><option value=\"Guatemala\" >Guatemala<\/option><option value=\"Guernsey\" >Guernsey<\/option><option value=\"Guinea\" >Guinea<\/option><option value=\"Guinea-Bissau\" >Guinea-Bissau<\/option><option value=\"Guyana\" >Guyana<\/option><option value=\"Haiti\" >Haiti<\/option><option value=\"Heard Island and McDonald Islands\" >Heard Island and McDonald Islands<\/option><option value=\"Honduras\" >Honduras<\/option><option value=\"Hong Kong\" >Hong Kong<\/option><option value=\"Hungary\" >Hungary<\/option><option value=\"Iceland\" >Iceland<\/option><option value=\"India\" >India<\/option><option value=\"Indonesia\" >Indonesia<\/option><option value=\"Iran (Islamic Republic of)\" >Iran (Islamic Republic of)<\/option><option value=\"Iraq\" >Iraq<\/option><option value=\"Ireland (Republic of)\" >Ireland (Republic of)<\/option><option value=\"Isle of Man\" >Isle of Man<\/option><option value=\"Israel\" >Israel<\/option><option value=\"Italy\" >Italy<\/option><option value=\"Jamaica\" >Jamaica<\/option><option value=\"Japan\" >Japan<\/option><option value=\"Jersey\" >Jersey<\/option><option value=\"Jordan\" >Jordan<\/option><option value=\"Kazakhstan\" >Kazakhstan<\/option><option value=\"Kenya\" >Kenya<\/option><option value=\"Kiribati\" >Kiribati<\/option><option value=\"Korea (Democratic People&#039;s Republic of)\" >Korea (Democratic People&#039;s Republic of)<\/option><option value=\"Korea (Republic of)\" >Korea (Republic of)<\/option><option value=\"Kosovo\" >Kosovo<\/option><option value=\"Kuwait\" >Kuwait<\/option><option value=\"Kyrgyzstan\" >Kyrgyzstan<\/option><option value=\"Lao People&#039;s Democratic Republic\" >Lao People&#039;s Democratic Republic<\/option><option value=\"Latvia\" >Latvia<\/option><option value=\"Lebanon\" >Lebanon<\/option><option value=\"Lesotho\" >Lesotho<\/option><option value=\"Liberia\" >Liberia<\/option><option value=\"Libya\" >Libya<\/option><option value=\"Liechtenstein\" >Liechtenstein<\/option><option value=\"Lithuania\" >Lithuania<\/option><option value=\"Luxembourg\" >Luxembourg<\/option><option value=\"Macao\" >Macao<\/option><option value=\"Madagascar\" >Madagascar<\/option><option value=\"Malawi\" >Malawi<\/option><option value=\"Malaysia\" >Malaysia<\/option><option value=\"Maldives\" >Maldives<\/option><option value=\"Mali\" >Mali<\/option><option value=\"Malta\" >Malta<\/option><option value=\"Marshall Islands\" >Marshall Islands<\/option><option value=\"Martinique\" >Martinique<\/option><option value=\"Mauritania\" >Mauritania<\/option><option value=\"Mauritius\" >Mauritius<\/option><option value=\"Mayotte\" >Mayotte<\/option><option value=\"Mexico\" >Mexico<\/option><option value=\"Micronesia (Federated States of)\" >Micronesia (Federated States of)<\/option><option value=\"Moldova (Republic of)\" >Moldova (Republic of)<\/option><option value=\"Monaco\" >Monaco<\/option><option value=\"Mongolia\" >Mongolia<\/option><option value=\"Montenegro\" >Montenegro<\/option><option value=\"Montserrat\" >Montserrat<\/option><option value=\"Morocco\" >Morocco<\/option><option value=\"Mozambique\" >Mozambique<\/option><option value=\"Myanmar\" >Myanmar<\/option><option value=\"Namibia\" >Namibia<\/option><option value=\"Nauru\" >Nauru<\/option><option value=\"Nepal\" >Nepal<\/option><option value=\"Netherlands\" >Netherlands<\/option><option value=\"New Caledonia\" >New Caledonia<\/option><option value=\"New Zealand\" >New Zealand<\/option><option value=\"Nicaragua\" >Nicaragua<\/option><option value=\"Niger\" >Niger<\/option><option value=\"Nigeria\" >Nigeria<\/option><option value=\"Niue\" >Niue<\/option><option value=\"Norfolk Island\" >Norfolk Island<\/option><option value=\"North Macedonia (Republic of)\" >North Macedonia (Republic of)<\/option><option value=\"Northern Mariana Islands\" >Northern Mariana Islands<\/option><option value=\"Norway\" >Norway<\/option><option value=\"Oman\" >Oman<\/option><option value=\"Pakistan\" >Pakistan<\/option><option value=\"Palau\" >Palau<\/option><option value=\"Palestine (State of)\" >Palestine (State of)<\/option><option value=\"Panama\" >Panama<\/option><option value=\"Papua New Guinea\" >Papua New Guinea<\/option><option value=\"Paraguay\" >Paraguay<\/option><option value=\"Peru\" >Peru<\/option><option value=\"Philippines\" >Philippines<\/option><option value=\"Pitcairn\" >Pitcairn<\/option><option value=\"Poland\" >Poland<\/option><option value=\"Portugal\" >Portugal<\/option><option value=\"Puerto Rico\" >Puerto Rico<\/option><option value=\"Qatar\" >Qatar<\/option><option value=\"Romania\" >Romania<\/option><option value=\"Russian Federation\" >Russian Federation<\/option><option value=\"Rwanda\" >Rwanda<\/option><option value=\"R\u00e9union\" >R\u00e9union<\/option><option value=\"Saint Barth\u00e9lemy\" >Saint Barth\u00e9lemy<\/option><option value=\"Saint Helena, Ascension and Tristan da Cunha\" >Saint Helena, Ascension and Tristan da Cunha<\/option><option value=\"Saint Kitts and Nevis\" >Saint Kitts and Nevis<\/option><option value=\"Saint Lucia\" >Saint Lucia<\/option><option value=\"Saint Martin (French part)\" >Saint Martin (French part)<\/option><option value=\"Saint Pierre and Miquelon\" >Saint Pierre and Miquelon<\/option><option value=\"Saint Vincent and the Grenadines\" >Saint Vincent and the Grenadines<\/option><option value=\"Samoa\" >Samoa<\/option><option value=\"San Marino\" >San Marino<\/option><option value=\"Sao Tome and Principe\" >Sao Tome and Principe<\/option><option value=\"Saudi Arabia\" >Saudi Arabia<\/option><option value=\"Senegal\" >Senegal<\/option><option value=\"Serbia\" >Serbia<\/option><option value=\"Seychelles\" >Seychelles<\/option><option value=\"Sierra Leone\" >Sierra Leone<\/option><option value=\"Singapore\" >Singapore<\/option><option value=\"Sint Maarten (Dutch part)\" >Sint Maarten (Dutch part)<\/option><option value=\"Slovakia\" >Slovakia<\/option><option value=\"Slovenia\" >Slovenia<\/option><option value=\"Solomon Islands\" >Solomon Islands<\/option><option value=\"Somalia\" >Somalia<\/option><option value=\"South Africa\" >South Africa<\/option><option value=\"South Georgia and the South Sandwich Islands\" >South Georgia and the South Sandwich Islands<\/option><option value=\"South Sudan\" >South Sudan<\/option><option value=\"Spain\" >Spain<\/option><option value=\"Sri Lanka\" >Sri Lanka<\/option><option value=\"Sudan\" >Sudan<\/option><option value=\"Suriname\" >Suriname<\/option><option value=\"Svalbard and Jan Mayen\" >Svalbard and Jan Mayen<\/option><option value=\"Sweden\" >Sweden<\/option><option value=\"Switzerland\" >Switzerland<\/option><option value=\"Syrian Arab Republic\" >Syrian Arab Republic<\/option><option value=\"Taiwan, Province of China\" >Taiwan, Province of China<\/option><option value=\"Tajikistan\" >Tajikistan<\/option><option value=\"Tanzania (United Republic of)\" >Tanzania (United Republic of)<\/option><option value=\"Thailand\" >Thailand<\/option><option value=\"Timor-Leste\" >Timor-Leste<\/option><option value=\"Togo\" >Togo<\/option><option value=\"Tokelau\" >Tokelau<\/option><option value=\"Tonga\" >Tonga<\/option><option value=\"Trinidad and Tobago\" >Trinidad and Tobago<\/option><option value=\"Tunisia\" >Tunisia<\/option><option value=\"Turkey\" >Turkey<\/option><option value=\"Turkmenistan\" >Turkmenistan<\/option><option value=\"Turks and Caicos Islands\" >Turks and Caicos Islands<\/option><option value=\"Tuvalu\" >Tuvalu<\/option><option value=\"Uganda\" >Uganda<\/option><option value=\"Ukraine\" >Ukraine<\/option><option value=\"United Arab Emirates\" >United Arab Emirates<\/option><option value=\"United States Minor Outlying Islands\" >United States Minor Outlying Islands<\/option><option value=\"Uruguay\" >Uruguay<\/option><option value=\"Uzbekistan\" >Uzbekistan<\/option><option value=\"Vanuatu\" >Vanuatu<\/option><option value=\"Vatican City State\" >Vatican City State<\/option><option value=\"Venezuela (Bolivarian Republic of)\" >Venezuela (Bolivarian Republic of)<\/option><option value=\"Vietnam\" >Vietnam<\/option><option value=\"Virgin Islands (British)\" >Virgin Islands (British)<\/option><option value=\"Virgin Islands (U.S.)\" >Virgin Islands (U.S.)<\/option><option value=\"Wallis and Futuna\" >Wallis and Futuna<\/option><option value=\"Western Sahara\" >Western Sahara<\/option><option value=\"Yemen\" >Yemen<\/option><option value=\"Zambia\" >Zambia<\/option><option value=\"Zimbabwe\" >Zimbabwe<\/option><option value=\"\u00c5land Islands\" >\u00c5land Islands<\/option><\/select><\/div><div id=\"wpforms-192-field_9-container\" class=\"wpforms-field wpforms-field-select wpforms-field-select-style-classic\" data-field-id=\"9\"><label class=\"wpforms-field-label\" for=\"wpforms-192-field_9\"> Vous nous connaissez via  <span class=\"wpforms-required-label\">*<\/span><\/label><select id=\"wpforms-192-field_9\" class=\"wpforms-field-medium wpforms-field-required\" name=\"wpforms[fields][9]\" required=\"required\"><option value=\"Recherche web (Google, Bing, etc.)\" >Recherche web (Google, Bing, etc.)<\/option><option value=\"Reseaux sociaux (Facebook, intangram, etc.)\" >Reseaux sociaux (Facebook, intangram, etc.)<\/option><option value=\"Newsletters\" >Newsletters<\/option><option value=\"Bouche \u00e0 oreille\" >Bouche \u00e0 oreille<\/option><option value=\"Autres\" >Autres<\/option><\/select><\/div><div id=\"wpforms-192-field_11-container\" class=\"wpforms-field wpforms-field-select wpforms-field-select-style-classic\" data-field-id=\"11\"><label class=\"wpforms-field-label\" for=\"wpforms-192-field_11\">Votre demande <span class=\"wpforms-required-label\">*<\/span><\/label><select id=\"wpforms-192-field_11\" class=\"wpforms-field-medium wpforms-field-required\" name=\"wpforms[fields][11]\" required=\"required\"><option value=\"1- TEST D&#039;INTRUISION\" >1- TEST D&#039;INTRUISION<\/option><option value=\"2- ASSISTANCE CYBER-ATTAQUE\" >2- ASSISTANCE CYBER-ATTAQUE<\/option><option value=\"3- ANALYSE FORENSIQUE\" >3- ANALYSE FORENSIQUE<\/option><option value=\"4- FORMATION CYBERSECUTITE\" >4- FORMATION CYBERSECUTITE<\/option><\/select><\/div><div id=\"wpforms-192-field_2-container\" class=\"wpforms-field wpforms-field-textarea\" data-field-id=\"2\"><label class=\"wpforms-field-label\" for=\"wpforms-192-field_2\">Commentaire <span class=\"wpforms-required-label\">*<\/span><\/label><textarea id=\"wpforms-192-field_2\" class=\"wpforms-field-medium wpforms-field-required\" name=\"wpforms[fields][2]\" required><\/textarea><\/div><\/div><div class=\"wpforms-submit-container\"><input type=\"hidden\" name=\"wpforms[id]\" value=\"192\"><input type=\"hidden\" name=\"wpforms[author]\" value=\"1\"><button type=\"submit\" name=\"wpforms[submit]\" id=\"wpforms-submit-192\" class=\"wpforms-submit\" aria-live=\"assertive\" value=\"wpforms-submit\">Envoyer<\/button><img loading=\"lazy\" decoding=\"async\" src=\"https:\/\/cyberespacehome.com\/wp-content\/plugins\/wpforms-lite\/assets\/images\/submit-spin.svg\" class=\"wpforms-submit-spinner\" style=\"display: none;\" width=\"26\" height=\"26\" alt=\"Loading\"><\/div><\/form><\/div>  <!-- .wpforms-container -->\n","protected":false},"excerpt":{"rendered":"<p>Qu\u2019il s\u2019agisse d\u2019achats en ligne, de posts sur les r\u00e9seaux sociaux ou de banque en ligne, \u00e0 quel point votre s\u00e9curit\u00e9 num\u00e9rique est-elle garantie? Les diff\u00e9rents modules de notre assurance Cyber Plus vous prot\u00e8gent de fa\u00e7on compl\u00e8te, vous et vos enfants, contre les nombreux risques li\u00e9s \u00e0 l\u2019utilisation d\u2019Internet ainsi que contre les pr\u00e9judices financiers qui en d\u00e9coulent.<\/p>\n<p>&nbsp;<\/p>\n","protected":false},"featured_media":105,"template":"","meta":{"om_disable_all_campaigns":false,"_monsterinsights_skip_tracking":false,"_monsterinsights_sitenote_active":false,"_monsterinsights_sitenote_note":"","_monsterinsights_sitenote_category":0},"product_cat":[15],"product_tag":[],"class_list":["post-302","product","type-product","status-publish","has-post-thumbnail","hentry","product_cat-non-classe"],"aioseo_notices":[],"_links":{"self":[{"href":"https:\/\/cyberespacehome.com\/index.php\/wp-json\/wp\/v2\/product\/302","targetHints":{"allow":["GET"]}}],"collection":[{"href":"https:\/\/cyberespacehome.com\/index.php\/wp-json\/wp\/v2\/product"}],"about":[{"href":"https:\/\/cyberespacehome.com\/index.php\/wp-json\/wp\/v2\/types\/product"}],"version-history":[{"count":1,"href":"https:\/\/cyberespacehome.com\/index.php\/wp-json\/wp\/v2\/product\/302\/revisions"}],"predecessor-version":[{"id":305,"href":"https:\/\/cyberespacehome.com\/index.php\/wp-json\/wp\/v2\/product\/302\/revisions\/305"}],"wp:featuredmedia":[{"embeddable":true,"href":"https:\/\/cyberespacehome.com\/index.php\/wp-json\/wp\/v2\/media\/105"}],"wp:attachment":[{"href":"https:\/\/cyberespacehome.com\/index.php\/wp-json\/wp\/v2\/media?parent=302"}],"wp:term":[{"taxonomy":"product_cat","embeddable":true,"href":"https:\/\/cyberespacehome.com\/index.php\/wp-json\/wp\/v2\/product_cat?post=302"},{"taxonomy":"product_tag","embeddable":true,"href":"https:\/\/cyberespacehome.com\/index.php\/wp-json\/wp\/v2\/product_tag?post=302"}],"curies":[{"name":"wp","href":"https:\/\/api.w.org\/{rel}","templated":true}]}}