{"id":35,"date":"2021-09-30T04:30:12","date_gmt":"2021-09-30T02:30:12","guid":{"rendered":"http:\/\/cyberespacehome.com\/?page_id=35"},"modified":"2021-10-03T15:56:35","modified_gmt":"2021-10-03T13:56:35","slug":"a-propos","status":"publish","type":"page","link":"https:\/\/cyberespacehome.com\/index.php\/a-propos\/","title":{"rendered":"Qui sommes-nous ?"},"content":{"rendered":"\t\t<div data-elementor-type=\"wp-page\" data-elementor-id=\"35\" class=\"elementor elementor-35\" data-elementor-settings=\"[]\">\n\t\t\t\t\t\t\t<div class=\"elementor-section-wrap\">\n\t\t\t\t\t\t\t<section class=\"elementor-section elementor-top-section elementor-element elementor-element-77d44a6 elementor-section-boxed elementor-section-height-default elementor-section-height-default\" data-id=\"77d44a6\" data-element_type=\"section\">\n\t\t\t\t\t\t<div class=\"elementor-container elementor-column-gap-default\">\n\t\t\t\t\t<div class=\"elementor-column elementor-col-66 elementor-top-column elementor-element elementor-element-6f1c2c6\" data-id=\"6f1c2c6\" data-element_type=\"column\">\n\t\t\t<div class=\"elementor-widget-wrap elementor-element-populated\">\n\t\t\t\t\t\t\t\t<div class=\"elementor-element elementor-element-816d613 elementor-widget elementor-widget-text-editor\" data-id=\"816d613\" data-element_type=\"widget\" data-widget_type=\"text-editor.default\">\n\t\t\t\t<div class=\"elementor-widget-container\">\n\t\t\t\t\t\t\t<p style=\"color: #0099fc; font-size: 19px;\"><span style=\"font-weight: 600;\">Bienvenue !\u00a0 Je <\/span><span style=\"font-weight: 600;\">suis Boris HOUNLELOU, consultant s\u00e9nior en cybers\u00e9curit\u00e9 et cr\u00e9ateur du cabinet de conseil ind\u00e9pendant en cybers\u00e9curit\u00e9 CYBER ESPACE HOME LTD, soci\u00e9t\u00e9 \u00e0 responsabilit\u00e9 limit\u00e9e au capital de 6000 GBP dont le si\u00e8ge social se situe au 71-75, Shelton Street, Covent Garden, London, WC2H 9JQ, UNITED KINGDOM, et immatricul\u00e9e au Registre du Commerce et des Soci\u00e9t\u00e9s du ROYAUME-UNI sous le num\u00e9ro 13648118. Depuis 2016, le but principal du cabinet est d&#8217;assister les entreprises \u00e0 mieux comprendre la cybers\u00e9curit\u00e9 afin de mieux prot\u00e9ger les syst\u00e8mes d&#8217;information et l&#8217;information digitale. CYBER ESPACE HOME s&#8217;interesse egalement a la finance digitale et est distributeur agr\u00e9er des cartes VISA et representant commerciale de WESTERN UNION, MONEY GRAM, RIA, MONEY TRANS, SIGUE et SMALL WORLD<\/span><\/p><p style=\"color: #0099fc; font-size: 19px;\"><em><span style=\"font-weight: 600;\">Votre cybers\u00e9curit\u00e9 est importante pour vos affaires !\u00a0 \u00a0 \u00a0 \u00a0 \u00a0 \u00a0 \u00a0 \u00a0 \u00a0 \u00a0 \u00a0 \u00a0 \u00a0 \u00a0 \u00a0 \u00a0 \u00a0 \u00a0 <span class=\"VIiyi\" lang=\"fr\"><span class=\"JLqJ4b ChMk0b\" data-language-for-alternatives=\"fr\" data-language-to-translate-into=\"en\" data-phrase-index=\"0\">S\u00e9curisez votre cyberespace, c&#8217;est s\u00e9curisez votre vie num\u00e9rique<\/span><\/span>\u00a0<\/span><\/em><\/p><p style=\"color: #0099fc; font-size: 19px;\"><span style=\"font-weight: 600;\">Je vous propose, sur ce site internet, de voir les diff\u00e9rents services en cybers\u00e9curit\u00e9 propos\u00e9s par le cabinet afin de vous assister dans vos projets de gouvernance globale de la cybers\u00e9curit\u00e9.<\/span><\/p><p style=\"color: #0099fc; font-size: 19px;\"><span style=\"font-weight: 600;\">Boris HOUNLELOU<\/span><\/p><p style=\"color: #0099fc; font-size: 19px;\"><span style=\"font-weight: 600;\"><em>Ethical Hackers<\/em><\/span><\/p>\t\t\t\t\t\t<\/div>\n\t\t\t\t<\/div>\n\t\t\t\t\t<\/div>\n\t\t<\/div>\n\t\t\t\t<div class=\"elementor-column elementor-col-33 elementor-top-column elementor-element elementor-element-f95a61c\" data-id=\"f95a61c\" data-element_type=\"column\">\n\t\t\t<div class=\"elementor-widget-wrap elementor-element-populated\">\n\t\t\t\t\t\t\t\t<div class=\"elementor-element elementor-element-306a459 elementor-widget elementor-widget-image\" data-id=\"306a459\" data-element_type=\"widget\" data-widget_type=\"image.default\">\n\t\t\t\t<div class=\"elementor-widget-container\">\n\t\t\t\t\t\t\t\t\t\t\t\t\t\t\t<img loading=\"lazy\" decoding=\"async\" width=\"980\" height=\"654\" src=\"https:\/\/cyberespacehome.com\/wp-content\/uploads\/2021\/09\/security_safety_vulnerability_vulnerabilities_risks_danger_threats_hacking_stealing_phishing_ddos_virus_spyware_malware_crime_thinkstock_485001496-100750012-large-1024x683.jpg\" class=\"attachment-large size-large\" alt=\"\" srcset=\"https:\/\/cyberespacehome.com\/wp-content\/uploads\/2021\/09\/security_safety_vulnerability_vulnerabilities_risks_danger_threats_hacking_stealing_phishing_ddos_virus_spyware_malware_crime_thinkstock_485001496-100750012-large-1024x683.jpg 1024w, https:\/\/cyberespacehome.com\/wp-content\/uploads\/2021\/09\/security_safety_vulnerability_vulnerabilities_risks_danger_threats_hacking_stealing_phishing_ddos_virus_spyware_malware_crime_thinkstock_485001496-100750012-large-300x200.jpg 300w, https:\/\/cyberespacehome.com\/wp-content\/uploads\/2021\/09\/security_safety_vulnerability_vulnerabilities_risks_danger_threats_hacking_stealing_phishing_ddos_virus_spyware_malware_crime_thinkstock_485001496-100750012-large-768x512.jpg 768w, https:\/\/cyberespacehome.com\/wp-content\/uploads\/2021\/09\/security_safety_vulnerability_vulnerabilities_risks_danger_threats_hacking_stealing_phishing_ddos_virus_spyware_malware_crime_thinkstock_485001496-100750012-large.jpg 1200w\" sizes=\"auto, (max-width: 980px) 100vw, 980px\" \/>\t\t\t\t\t\t\t\t\t\t\t\t\t\t\t<\/div>\n\t\t\t\t<\/div>\n\t\t\t\t\t<\/div>\n\t\t<\/div>\n\t\t\t\t\t\t\t<\/div>\n\t\t<\/section>\n\t\t\t\t<section class=\"elementor-section elementor-top-section elementor-element elementor-element-2ba5620 elementor-section-boxed elementor-section-height-default elementor-section-height-default\" data-id=\"2ba5620\" data-element_type=\"section\">\n\t\t\t\t\t\t<div class=\"elementor-container elementor-column-gap-default\">\n\t\t\t\t\t<div class=\"elementor-column elementor-col-66 elementor-top-column elementor-element elementor-element-ab83b1b\" data-id=\"ab83b1b\" data-element_type=\"column\">\n\t\t\t<div class=\"elementor-widget-wrap\">\n\t\t\t\t\t\t\t\t\t<\/div>\n\t\t<\/div>\n\t\t\t\t<div class=\"elementor-column elementor-col-33 elementor-top-column elementor-element elementor-element-695031d\" data-id=\"695031d\" data-element_type=\"column\">\n\t\t\t<div class=\"elementor-widget-wrap\">\n\t\t\t\t\t\t\t\t\t<\/div>\n\t\t<\/div>\n\t\t\t\t\t\t\t<\/div>\n\t\t<\/section>\n\t\t\t\t<section class=\"elementor-section elementor-top-section elementor-element elementor-element-40adc24 elementor-section-boxed elementor-section-height-default elementor-section-height-default\" data-id=\"40adc24\" data-element_type=\"section\">\n\t\t\t\t\t\t<div class=\"elementor-container elementor-column-gap-default\">\n\t\t\t\t\t<div class=\"elementor-column elementor-col-50 elementor-top-column elementor-element elementor-element-9648e82\" data-id=\"9648e82\" data-element_type=\"column\">\n\t\t\t<div class=\"elementor-widget-wrap elementor-element-populated\">\n\t\t\t\t\t\t\t\t<div class=\"elementor-element elementor-element-bcddb8e elementor-widget elementor-widget-heading\" data-id=\"bcddb8e\" data-element_type=\"widget\" data-widget_type=\"heading.default\">\n\t\t\t\t<div class=\"elementor-widget-container\">\n\t\t\t<h2 class=\"elementor-heading-title elementor-size-default\">SIEGE<\/h2>\t\t<\/div>\n\t\t\t\t<\/div>\n\t\t\t\t<div class=\"elementor-element elementor-element-ad29501 elementor-widget elementor-widget-text-editor\" data-id=\"ad29501\" data-element_type=\"widget\" data-widget_type=\"text-editor.default\">\n\t\t\t\t<div class=\"elementor-widget-container\">\n\t\t\t\t\t\t\t<p>CYBER ESPACE HOME\u00a0 \u00a0 \u00a0 \u00a0 \u00a0 \u00a0 \u00a0 \u00a0 \u00a0 \u00a0 \u00a0 \u00a0 \u00a0 \u00a0 \u00a0 \u00a0 \u00a0 \u00a0 \u00a0 \u00a0 \u00a0 \u00a0 \u00a0 \u00a0 \u00a0 \u00a0 \u00a0 \u00a0 \u00a0 \u00a0 \u00a0 \u00a0 \u00a0 \u00a0 \u00a0 \u00a0 \u00a0 \u00a0 \u00a0 \u00a0 \u00a0 \u00a0 \u00a0 \u00a0 71-75, Shelton Street, Covent Garden, London,\u00a0 \u00a0 \u00a0 \u00a0 \u00a0 \u00a0 \u00a0 \u00a0 \u00a0 \u00a0 \u00a0 \u00a0 \u00a0 \u00a0 \u00a0 \u00a0 \u00a0 \u00a0 \u00a0 \u00a0 \u00a0 \u00a0 \u00a0 \u00a0 WC2H 9JQ, ROYAUME-UNI\u00a0 \u00a0 \u00a0 \u00a0 \u00a0 \u00a0 \u00a0 \u00a0 \u00a0 \u00a0 \u00a0 \u00a0 \u00a0 \u00a0 \u00a0 \u00a0 \u00a0 \u00a0 \u00a0 \u00a0 \u00a0 \u00a0 \u00a0 \u00a0 \u00a0 \u00a0 \u00a0 \u00a0 \u00a0 \u00a0 \u00a0 \u00a0 \u00a0 \u00a0 \u00a0 \u00a0 \u00a0 \u00a0 \u00a0 \u00a0 \u00a0 Tel:\u00a0 +447897063627\u00a0 \u00a0 \u00a0 \u00a0 \u00a0 \u00a0 \u00a0 \u00a0 \u00a0 \u00a0 \u00a0 \u00a0 Mail:contact@cyberespacehome.com<\/p>\t\t\t\t\t\t<\/div>\n\t\t\t\t<\/div>\n\t\t\t\t\t<\/div>\n\t\t<\/div>\n\t\t\t\t<div class=\"elementor-column elementor-col-50 elementor-top-column elementor-element elementor-element-59febf1\" data-id=\"59febf1\" data-element_type=\"column\">\n\t\t\t<div class=\"elementor-widget-wrap elementor-element-populated\">\n\t\t\t\t\t\t\t\t<div class=\"elementor-element elementor-element-1d31e5f elementor-widget elementor-widget-heading\" data-id=\"1d31e5f\" data-element_type=\"widget\" data-widget_type=\"heading.default\">\n\t\t\t\t<div class=\"elementor-widget-container\">\n\t\t\t<h2 class=\"elementor-heading-title elementor-size-default\">ANNEXE<\/h2>\t\t<\/div>\n\t\t\t\t<\/div>\n\t\t\t\t<div class=\"elementor-element elementor-element-986cd69 elementor-widget elementor-widget-text-editor\" data-id=\"986cd69\" data-element_type=\"widget\" data-widget_type=\"text-editor.default\">\n\t\t\t\t<div class=\"elementor-widget-container\">\n\t\t\t\t\t\t\t<p>CYBER ESPACE HOME\u00a0 \u00a0 \u00a0 \u00a0 \u00a0 \u00a0 \u00a0 \u00a0 \u00a0 \u00a0 \u00a0 \u00a0 \u00a0 \u00a0 \u00a0 \u00a0 \u00a0 \u00a0 \u00a0 \u00a0 \u00a0 \u00a0 \u00a0 \u00a0 \u00a0 \u00a0 \u00a0 \u00a0 \u00a0 \u00a0 \u00a0 \u00a0 \u00a0 \u00a0 \u00a0 \u00a0 \u00a0 \u00a0 \u00a0 \u00a0 \u00a0 \u00a0 Menontin, Rue 2864\u00a0 C\/2069. 09BP437 Cotonou\u00a0 \u00a0 \u00a0 \u00a0 \u00a0 \u00a0 \u00a0 \u00a0 \u00a0 \u00a0 \u00a0 \u00a0 \u00a0 \u00a0 \u00a0 \u00a0 \u00a0 \u00a0 \u00a0 \u00a0 \u00a0 BENIN\u00a0 \u00a0 \u00a0 \u00a0 \u00a0 \u00a0 \u00a0 \u00a0 \u00a0 \u00a0 \u00a0 \u00a0 \u00a0 \u00a0 \u00a0 \u00a0 \u00a0 \u00a0 \u00a0 \u00a0 \u00a0 \u00a0 \u00a0 \u00a0 \u00a0 \u00a0 \u00a0 \u00a0 \u00a0 \u00a0 \u00a0 \u00a0 \u00a0 \u00a0 \u00a0 \u00a0 \u00a0 \u00a0 \u00a0 \u00a0 \u00a0 \u00a0 \u00a0 \u00a0 \u00a0 \u00a0 \u00a0 \u00a0 \u00a0 \u00a0 \u00a0 \u00a0 \u00a0 \u00a0 \u00a0 \u00a0 \u00a0 \u00a0 Tel: +229 98930808\u00a0 \u00a0 \u00a0 \u00a0 \u00a0 \u00a0 \u00a0 \u00a0 \u00a0 \u00a0 \u00a0 \u00a0 \u00a0 \u00a0 \u00a0 \u00a0 \u00a0 \u00a0 \u00a0 \u00a0 \u00a0 \u00a0 \u00a0 \u00a0 \u00a0 \u00a0 \u00a0 \u00a0 \u00a0 \u00a0 \u00a0 \u00a0 \u00a0 \u00a0 \u00a0 \u00a0 \u00a0 \u00a0 \u00a0 \u00a0 \u00a0 \u00a0 \u00a0 \u00a0 \u00a0 \u00a0 Mail: contact@ceh.bj<\/p>\t\t\t\t\t\t<\/div>\n\t\t\t\t<\/div>\n\t\t\t\t\t<\/div>\n\t\t<\/div>\n\t\t\t\t\t\t\t<\/div>\n\t\t<\/section>\n\t\t\t\t\t\t<\/div>\n\t\t\t\t\t<\/div>\n\t\t","protected":false},"excerpt":{"rendered":"<p>Bienvenue !\u00a0 Je suis Boris HOUNLELOU, consultant s\u00e9nior en cybers\u00e9curit\u00e9 et cr\u00e9ateur du cabinet de conseil ind\u00e9pendant en cybers\u00e9curit\u00e9 CYBER ESPACE HOME LTD, soci\u00e9t\u00e9 \u00e0 responsabilit\u00e9 limit\u00e9e au capital de 6000 GBP dont le si\u00e8ge social se situe au 71-75, Shelton Street, Covent Garden, London, WC2H 9JQ, UNITED KINGDOM, et immatricul\u00e9e au Registre du Commerce [&hellip;]<\/p>\n","protected":false},"author":1,"featured_media":0,"parent":0,"menu_order":0,"comment_status":"closed","ping_status":"closed","template":"","meta":{"om_disable_all_campaigns":false,"_monsterinsights_skip_tracking":false,"_monsterinsights_sitenote_active":false,"_monsterinsights_sitenote_note":"","_monsterinsights_sitenote_category":0,"footnotes":""},"class_list":["post-35","page","type-page","status-publish","hentry"],"aioseo_notices":[],"_links":{"self":[{"href":"https:\/\/cyberespacehome.com\/index.php\/wp-json\/wp\/v2\/pages\/35","targetHints":{"allow":["GET"]}}],"collection":[{"href":"https:\/\/cyberespacehome.com\/index.php\/wp-json\/wp\/v2\/pages"}],"about":[{"href":"https:\/\/cyberespacehome.com\/index.php\/wp-json\/wp\/v2\/types\/page"}],"author":[{"embeddable":true,"href":"https:\/\/cyberespacehome.com\/index.php\/wp-json\/wp\/v2\/users\/1"}],"replies":[{"embeddable":true,"href":"https:\/\/cyberespacehome.com\/index.php\/wp-json\/wp\/v2\/comments?post=35"}],"version-history":[{"count":41,"href":"https:\/\/cyberespacehome.com\/index.php\/wp-json\/wp\/v2\/pages\/35\/revisions"}],"predecessor-version":[{"id":291,"href":"https:\/\/cyberespacehome.com\/index.php\/wp-json\/wp\/v2\/pages\/35\/revisions\/291"}],"wp:attachment":[{"href":"https:\/\/cyberespacehome.com\/index.php\/wp-json\/wp\/v2\/media?parent=35"}],"curies":[{"name":"wp","href":"https:\/\/api.w.org\/{rel}","templated":true}]}}